{"id":494,"date":"2022-12-21T02:09:15","date_gmt":"2022-12-21T07:09:15","guid":{"rendered":"https:\/\/cancuncenotestours.com\/politica-de-cancelaciones-y-reembolsos\/"},"modified":"2024-05-29T03:26:01","modified_gmt":"2024-05-29T08:26:01","slug":"politica-de-cancelaciones-y-reembolsos","status":"publish","type":"page","link":"https:\/\/cancuncenotestours.com\/es\/politica-de-cancelaciones-y-reembolsos\/","title":{"rendered":"Pol\u00edtica de cancelaciones y reembolsos"},"content":{"rendered":"\n<h3 class=\"wp-block-heading\" id=\"h-bad-weather\">Mal tiempo<\/h3>\n\n<p>Si hay un comunicado oficial debido al mal tiempo, disfruta de tu excursi\u00f3n otro d\u00eda o, si lo prefieres, te devolvemos el dinero (reembolso del 100%). En estos casos, nuestro equipo se pondr\u00e1 en contacto contigo a trav\u00e9s del punto de contacto que hayamos registrado (tel\u00e9fono, correo electr\u00f3nico, SMS) para notific\u00e1rtelo y preguntarte por tu decisi\u00f3n.<\/p>\n\n<h3 class=\"wp-block-heading\" id=\"h-cancellation-time-frames\">Plazos de cancelaci\u00f3n<\/h3>\n\n<p>Reembolso del 100% cancelando con 24 horas de antelaci\u00f3n.<br\/>Si cancelas con menos de 24 horas de antelaci\u00f3n o no realizas el recorrido, se considerar\u00e1 que no te has presentado y no se efectuar\u00e1 ning\u00fan reembolso.<\/p>\n\n<h3 class=\"wp-block-heading\" id=\"h-reschedule-policy\">Pol\u00edtica de reprogramaci\u00f3n<\/h3>\n\n<p>Reprogramar no tiene coste, siempre que la solicitud se haga 24 horas antes de tu actividad. Despu\u00e9s de este plazo se aplicar\u00edan las pol\u00edticas de cancelaci\u00f3n.<\/p>\n\n<p>Las solicitudes de cambio de horario con 24-12 horas de antelaci\u00f3n, tendr\u00e1n una penalizaci\u00f3n del 50% (sujeto a disponibilidad)<\/p>\n\n<p>La no reprogramaci\u00f3n proceder\u00e1 con menos de 12 horas de antelaci\u00f3n.<\/p>\n\n<h3 class=\"wp-block-heading\" id=\"h-cancellation-for-combos-and-packages\">Anulaci\u00f3n de combos y paquetes<\/h3>\n\n<p>Despu\u00e9s de canjear la primera actividad, no se proceder\u00e1 a ning\u00fan reembolso. Reprogramar la segunda actividad es posible y sin coste adicional, solicit\u00e1ndolo con 24 horas de antelaci\u00f3n.<\/p>\n\n<h3 class=\"wp-block-heading\" id=\"h-no-show\">No hay espect\u00e1culo<\/h3>\n\n<p>No realizar el recorrido o no presentarse a tiempo en el punto de encuentro se considerar\u00e1 una cancelaci\u00f3n con una penalizaci\u00f3n del 100%.<br\/>Cuando utilices nuestro servicio de transporte, los horarios de recogida deben cumplirse puntualmente. En caso de no presentarse durante este periodo de tiempo, la furgoneta se alejar\u00e1 y se considerar\u00e1 un &#8220;NO SHOW&#8221;. Se dejar\u00e1 un papel de notificaci\u00f3n en el vest\u00edbulo de tu hotel y se enviar\u00e1 una foto a tu correo electr\u00f3nico como prueba.<br\/>Puedes llegar a nuestra ubicaci\u00f3n por tu cuenta antes de la hora de salida del barco, y si lo necesitas, dispondremos de un servicio de traslado al hotel.<\/p>\n\n<h3 class=\"wp-block-heading\" id=\"h-refund-times-and-sequence\">Tiempos y secuencia de devoluci\u00f3n<\/h3>\n\n<p>Las devoluciones deben solicitarse por correo electr\u00f3nico a <a href=\"mailto:hola@cancuncenotestours.com\">hola@cancuncenotestours.com.<\/a> El reembolso se procesar\u00e1 y completar\u00e1 en 1-10 d\u00edas seg\u00fan tu m\u00e9todo de pago.<\/p>\n","protected":false},"excerpt":{"rendered":"<p>Mal tiempo Si hay un comunicado oficial debido al mal tiempo, disfruta de tu excursi\u00f3n otro d\u00eda o, si lo prefieres, te devolvemos el dinero (reembolso del 100%). En estos casos, nuestro equipo se pondr\u00e1 en contacto contigo a trav\u00e9s del punto de contacto que hayamos registrado (tel\u00e9fono, correo electr\u00f3nico, SMS) para notific\u00e1rtelo y preguntarte [&hellip;]<\/p>\n","protected":false},"author":1,"featured_media":0,"parent":0,"menu_order":0,"comment_status":"closed","ping_status":"closed","template":"","meta":{"footnotes":""},"class_list":["post-494","page","type-page","status-publish","hentry"],"_links":{"self":[{"href":"https:\/\/cancuncenotestours.com\/es\/wp-json\/wp\/v2\/pages\/494","targetHints":{"allow":["GET"]}}],"collection":[{"href":"https:\/\/cancuncenotestours.com\/es\/wp-json\/wp\/v2\/pages"}],"about":[{"href":"https:\/\/cancuncenotestours.com\/es\/wp-json\/wp\/v2\/types\/page"}],"author":[{"embeddable":true,"href":"https:\/\/cancuncenotestours.com\/es\/wp-json\/wp\/v2\/users\/1"}],"replies":[{"embeddable":true,"href":"https:\/\/cancuncenotestours.com\/es\/wp-json\/wp\/v2\/comments?post=494"}],"version-history":[{"count":0,"href":"https:\/\/cancuncenotestours.com\/es\/wp-json\/wp\/v2\/pages\/494\/revisions"}],"wp:attachment":[{"href":"https:\/\/cancuncenotestours.com\/es\/wp-json\/wp\/v2\/media?parent=494"}],"curies":[{"name":"wp","href":"https:\/\/api.w.org\/{rel}","templated":true}]}}