{"id":499,"date":"2022-12-21T02:15:04","date_gmt":"2022-12-21T07:15:04","guid":{"rendered":"https:\/\/cancuncenotestours.com\/terminos-y-condiciones\/"},"modified":"2024-05-29T03:28:06","modified_gmt":"2024-05-29T08:28:06","slug":"terminos-y-condiciones","status":"publish","type":"page","link":"https:\/\/cancuncenotestours.com\/es\/terminos-y-condiciones\/","title":{"rendered":"T\u00e9rminos y condiciones"},"content":{"rendered":"\n<p>Las tarifas publicadas en el sitio Web s\u00f3lo son v\u00e1lidas en el momento del presupuesto; se garantizan al recibir el pago. Todas las reservas est\u00e1n sujetas a disponibilidad y no pueden garantizarse hasta que se haya recibido el pago completo.<\/p>\n\n<p>Una reserva se considera completada cuando te proporciona un n\u00famero de confirmaci\u00f3n y se aplica el cargo correspondiente. Al reservar, das tu consentimiento al uso de tu n\u00famero de tarjeta de cr\u00e9dito para el pago y confirmas que reconoces y aceptas nuestras pol\u00edticas de reserva, pago y descargo de responsabilidad por cancelaci\u00f3n. Al completar tu reserva, aceptas las condiciones y cargos asociados a la tarifa que has seleccionado. La conversi\u00f3n de divisas son tarifas confirmadas en USD que pueden ser convertidas a la moneda local por CancunCenotesTours.com y est\u00e1n sujetas a las fluctuaciones de los tipos de cambio. Los cargos de las tarjetas de cr\u00e9dito est\u00e1n sujetos a conversiones de divisas adicionales por parte de los bancos o las compa\u00f1\u00edas de tarjetas de cr\u00e9dito, que no est\u00e1n dentro de Stripe o PayPal y pueden afectar al importe cargado en tu tarjeta de cr\u00e9dito. Guarda este vale en un lugar seguro. Es imprescindible que imprimas este vale y lo presentes al inicio de tu servicio.<\/p>\n\n<p>Descargo de responsabilidad<br\/>Pol\u00edticas de pago<br\/>Aceptamos Visa, MasterCard a trav\u00e9s de Stripe y Paypal como m\u00e9todos de pago.<\/p>\n\n<p>CancunCenotesTours.com no se hace responsable de ning\u00fan servicio adquirido a trav\u00e9s de terceros.<\/p>\n\n<p>Para seguridad de todos los clientes, CancunCenotesTours.com podr\u00e1 solicitar que se muestre la Identificaci\u00f3n Oficial y la tarjeta de cr\u00e9dito con la que se realiz\u00f3 la compra. En caso de que no puedas demostrar tu identidad, el servicio puede ser denegado.<\/p>\n\n<p>Alcance de nuestro servicio<br\/>CancunCenotesTours.com y sus afiliados son independientes de los proveedores sobre los que no tenemos control directo y actuamos s\u00f3lo como agentes del pasajero en la organizaci\u00f3n de visitas tur\u00edsticas o cualquier otro servicio y no asumimos responsabilidad alguna por lesiones, da\u00f1os, muerte, p\u00e9rdida, accidente, cancelaciones parciales o retrasos a personas o bienes debidos a un acto de negligencia o incumplimiento de cualquier proveedor o persona que preste cualquiera de los servicios incluidos en el viaje. Por la presente, el comprador renuncia a cualquier reclamaci\u00f3n contra CancunCenotesTours.com y sus afiliados relacionada con el servicio adquirido. Reembolso cancelando con 24 horas de antelaci\u00f3n directamente en nuestro sistema. Reembolso del 100% del pago.<\/p>\n\n<p>Pol\u00edticas de privacidad<br\/>CancunCenotesTours.com se compromete a garantizar la privacidad de la informaci\u00f3n personal obtenida a trav\u00e9s de sus servicios en l\u00ednea. Sin embargo, se sugiere leer las normas descritas a continuaci\u00f3n para comprender el tratamiento de los datos proporcionados.<\/p>\n\n<p>Tipo de informaci\u00f3n<br\/>La informaci\u00f3n se recopilar\u00e1 de diferentes formas y desde diferentes \u00e1reas del sitio web CancunCenotesTours.com. Todos los datos personales introducidos voluntariamente por el usuario en la direcci\u00f3n electr\u00f3nica estar\u00e1n sujetos a las normas de seguridad y privacidad.<\/p>\n\n<p>Informaci\u00f3n a solicitar:<\/p>\n\n<ol class=\"wp-block-list\"><li>Nombre y apellidos.<\/li><li>Correo electr\u00f3nico.<\/li><li>Tel\u00e9fono.<\/li><li>Informaci\u00f3n fiscal para emitir facturas.<\/li><\/ol>\n\n<p>La informaci\u00f3n solicitada nos permitir\u00e1 ponernos en contacto con los clientes cuando sea necesario. Los usuarios pueden ser contactados por tel\u00e9fono o correo electr\u00f3nico en caso de que se requiera informaci\u00f3n adicional para completar una transacci\u00f3n.<\/p>\n\n<p>La informaci\u00f3n proporcionada durante el proceso de registro, inscripci\u00f3n a cualquier programa y promociones se utiliza para realizar estudios internos sobre demograf\u00eda, intereses y comportamiento de los usuarios con el fin de proporcionarles productos, servicios, contenidos y publicidad acordes con sus necesidades.<\/p>\n\n<p>Protecci\u00f3n<br\/>La seguridad y confidencialidad de los datos que los usuarios faciliten para contratar un servicio o comprar un producto online estar\u00e1n protegidos por un servidor seguro bajo el protocolo Secure Socket Layer (SSL), de forma que los datos enviados se transmitir\u00e1n encriptados para garantizar que permanecen salvaguardados. Para comprobar que est\u00e1s en un entorno protegido, aseg\u00farate de que aparece una S en la barra de navegaci\u00f3n. Ejemplo: httpS:\/\/. Sin embargo, y a pesar de contar cada d\u00eda con herramientas m\u00e1s seguras, la protecci\u00f3n de los datos transmitidos por Internet no puede garantizarse al 100%; por lo que, una vez recibidos, haremos todo lo posible para salvaguardar la informaci\u00f3n.<\/p>\n\n<p>Cookies<br\/>Las cookies son peque\u00f1os fragmentos de informaci\u00f3n que el sitio web env\u00eda al navegador. Se almacenan en el disco duro de los ordenadores y se utilizan para determinar las preferencias de los usuarios que acceden al portal electr\u00f3nico (CancunCenotesTours.com), as\u00ed como para rastrear determinados comportamientos o actividades. Las cookies permiten reconocer a los usuarios, detectar el ancho de banda que han seleccionado, identificar la informaci\u00f3n m\u00e1s destacada, calcular el tama\u00f1o de la audiencia y medir ciertos par\u00e1metros del tr\u00e1fico.<\/p>\n\n<p>Confidencialidad<br\/>Cuando el usuario se encuentre en el sitio web (CancunCenotesTours.com), estar\u00e1 compartiendo esta informaci\u00f3n con CancunCenotesTours.com, a menos que se especifique lo contrario. CancunCenotesTours.com no tiene obligaci\u00f3n de mantener confidencial ninguna otra informaci\u00f3n que el usuario proporcione en boletines y charlas en l\u00ednea (chats), as\u00ed como a trav\u00e9s de cookies. Lo anterior, en los t\u00e9rminos previstos en los art\u00edculos 109 de la Ley Federal del Derecho de Autor y 76 bis, fracci\u00f3n I, de la Ley Federal de Protecci\u00f3n al Consumidor. La informaci\u00f3n podr\u00e1 ser difundida s\u00f3lo en casos especiales, tales como identificar, localizar o llevar a cabo acciones legales contra aquellas personas que incumplan las condiciones de servicio del sitio web (CancunCenotesTours.com), causen da\u00f1os o interfieran con CancunCenotesTours.com, sus propiedades, otros usuarios del portal o cualquier persona que pudiera verse afectada por dichas acciones. CancunCenotesTours.com NO vender\u00e1, regalar\u00e1, facilitar\u00e1 ni alquilar\u00e1 informaci\u00f3n confidencial a terceros. Si el usuario no desea que se compartan sus datos, puede prescindir de un servicio concreto o abstenerse de participar en algunas promociones o concursos. CancunCenotesTours.com NO compartir\u00e1 informaci\u00f3n confidencial con terceros, a menos que reciba autorizaciones expresas de sus suscriptores o cuando se requiera una orden judicial para cumplir con ciertas normas procesales.<\/p>\n\n<p>Modificaciones y actualizaci\u00f3n<br\/>Los datos personales facilitados por el usuario formar\u00e1n parte de un fichero que contendr\u00e1 su perfil, que podr\u00e1 ser modificado por el titular en cualquier momento mediante los n\u00fameros de usuario\/socio y de identificaci\u00f3n personal asignados, que tambi\u00e9n podr\u00e1n ser modificados por tel\u00e9fono o por correo electr\u00f3nico. Se aconseja al usuario que actualice sus datos regularmente. Asimismo, si participa en promociones por correo electr\u00f3nico, puede desactivar este servicio en cualquier momento. Confidencialidad (menores) Salvaguardar la informaci\u00f3n de los menores es sumamente importante, por lo que los datos solicitados ser\u00e1n los m\u00ednimos para prestar los servicios que se ofrecen a este sector. Se recomienda que los padres y tutores asesoren a los menores cuando naveguen por Internet y aprueben el env\u00edo de cualquier tipo de informaci\u00f3n personal.<\/p>\n\n<p>Modificaciones de las POL\u00cdTICAS DE PRIVACIDAD<br\/>CancunCenotesTours.com se reserva el derecho a realizar, en cualquier momento, modificaciones en las presentes POL\u00cdTICAS DE PRIVACIDAD y adaptarlas a novedades legislativas, jurisprudenciales, as\u00ed como a pr\u00e1cticas del mercado. Es responsabilidad del usuario leer peri\u00f3dicamente las POL\u00cdTICAS DE PRIVACIDAD para estar al tanto de dichos cambios, que tan pronto como se introduzcan en el sitio web entrar\u00e1n en vigor autom\u00e1ticamente.<\/p>\n\n<p>Pol\u00edticas de cancelaci\u00f3n<br\/>Reembolso del 100% cancelando con 48 horas de antelaci\u00f3n. Reembolso del 50% cancelando con 48-24 horas de antelaci\u00f3n. La cancelaci\u00f3n en el d\u00eda de la actividad o la no realizaci\u00f3n de la excursi\u00f3n se marcar\u00e1 como &#8220;No se present\u00f3&#8221; y no se efectuar\u00e1 ning\u00fan reembolso.<\/p>\n\n<p>Reprogramar no tiene coste, siempre que la solicitud se haga 24 horas antes de tu actividad, no se puede reprogramar el mismo d\u00eda de tu actividad.<\/p>\n\n<p>Para combos: Se reembolsar\u00e1 el 100% cancelando 48 horas antes de la primera actividad, el 50% cancelando 24 horas antes, no realizando el recorrido, o cancelando el mismo d\u00eda se tomar\u00e1 como &#8220;No show&#8221; y no se reembolsar\u00e1. Despu\u00e9s de la primera actividad, no hay cancelaciones. Reprogramar la segunda actividad es posible y sin coste adicional, solicit\u00e1ndolo con 24 horas de antelaci\u00f3n.<\/p>\n\n<p>Derechos de Propiedad Intelectual<br\/>A menos que se indique lo contrario, el software necesario para nuestros servicios o disponible en o utilizado por nuestro sitio web y los derechos de propiedad intelectual (incluidos los derechos de autor) de los contenidos e informaci\u00f3n y material de nuestro sitio web son propiedad de CancunCenotesTours.com, sus proveedores o suministradores. CancunCenotesTours.com conserva exclusivamente la propiedad de todos los derechos, t\u00edtulos e intereses sobre (todos los derechos de propiedad intelectual de) (el aspecto (incluida la infraestructura)) el sitio web en el que est\u00e1 disponible el servicio (incluidas las opiniones de los visitantes y el contenido traducido) y no tienes derecho a copiar, copiar, enlazar (hiper\/profundamente), publicar, promocionar, comercializar, integrar, utilizar, combinar o utilizar de cualquier otro modo el contenido (incluidas sus traducciones y las opiniones de los visitantes) o nuestra marca sin nuestro permiso expreso por escrito. En la medida en que utilices o combines (total o parcialmente) nuestro contenido (traducido) (incluidas las rese\u00f1as de los visitantes) o poseas cualquier derecho de propiedad intelectual sobre el sitio web o cualquier contenido (traducido) o rese\u00f1a de los visitantes, por la presente cedes, transfieres y traspasas todos esos derechos de propiedad intelectual a Cancun Cenotes Tours. Cualquier uso il\u00edcito o cualquiera de las acciones o comportamientos mencionados constituir\u00e1 una infracci\u00f3n material de nuestros derechos de propiedad intelectual (incluidos los derechos de autor y el derecho sobre la base de datos).<\/p>\n","protected":false},"excerpt":{"rendered":"<p>Las tarifas publicadas en el sitio Web s\u00f3lo son v\u00e1lidas en el momento del presupuesto; se garantizan al recibir el pago. Todas las reservas est\u00e1n sujetas a disponibilidad y no pueden garantizarse hasta que se haya recibido el pago completo. Una reserva se considera completada cuando te proporciona un n\u00famero de confirmaci\u00f3n y se aplica [&hellip;]<\/p>\n","protected":false},"author":1,"featured_media":0,"parent":0,"menu_order":0,"comment_status":"closed","ping_status":"closed","template":"","meta":{"footnotes":""},"class_list":["post-499","page","type-page","status-publish","hentry"],"_links":{"self":[{"href":"https:\/\/cancuncenotestours.com\/es\/wp-json\/wp\/v2\/pages\/499","targetHints":{"allow":["GET"]}}],"collection":[{"href":"https:\/\/cancuncenotestours.com\/es\/wp-json\/wp\/v2\/pages"}],"about":[{"href":"https:\/\/cancuncenotestours.com\/es\/wp-json\/wp\/v2\/types\/page"}],"author":[{"embeddable":true,"href":"https:\/\/cancuncenotestours.com\/es\/wp-json\/wp\/v2\/users\/1"}],"replies":[{"embeddable":true,"href":"https:\/\/cancuncenotestours.com\/es\/wp-json\/wp\/v2\/comments?post=499"}],"version-history":[{"count":0,"href":"https:\/\/cancuncenotestours.com\/es\/wp-json\/wp\/v2\/pages\/499\/revisions"}],"wp:attachment":[{"href":"https:\/\/cancuncenotestours.com\/es\/wp-json\/wp\/v2\/media?parent=499"}],"curies":[{"name":"wp","href":"https:\/\/api.w.org\/{rel}","templated":true}]}}