{"id":500,"date":"2022-12-21T05:08:37","date_gmt":"2022-12-21T10:08:37","guid":{"rendered":"https:\/\/cancuncenotestours.com\/politica-de-privacidad\/"},"modified":"2024-05-29T03:28:06","modified_gmt":"2024-05-29T08:28:06","slug":"politica-de-privacidad","status":"publish","type":"page","link":"https:\/\/cancuncenotestours.com\/es\/politica-de-privacidad\/","title":{"rendered":"Pol\u00edtica de privacidad"},"content":{"rendered":"\n<p><strong>QUI\u00c9NES SOMOS<\/strong><\/p>\n\n<p>La direcci\u00f3n de nuestro sitio web es: https:\/\/cancuncenotestours.com\/<\/p>\n\n<p><strong>QU\u00c9 DATOS PERSONALES <\/strong>RECOGEMOS Y POR QU\u00c9 <strong>LOS RECOGEMOS<\/strong><\/p>\n\n<p><strong>COMENTARIOS<\/strong><\/p>\n\n<p>Cuando los visitantes dejan comentarios en el sitio, recogemos los datos que aparecen en el formulario de comentarios, as\u00ed como la direcci\u00f3n IP del visitante y la cadena de agentes de usuario del navegador para ayudar a la detecci\u00f3n de spam.<\/p>\n\n<p>Se puede proporcionar al servicio Gravatar una cadena anonimizada creada a partir de tu direcci\u00f3n de correo electr\u00f3nico (tambi\u00e9n llamada hash) para saber si la est\u00e1s utilizando. La pol\u00edtica de privacidad del servicio Gravatar est\u00e1 disponible aqu\u00ed: https:\/\/automattic.com\/privacy\/. Tras la aprobaci\u00f3n de tu comentario, tu foto de perfil es visible para el p\u00fablico en el contexto de tu comentario.<\/p>\n\n<p><strong>MEDIOS DE COMUNICACI\u00d3N<\/strong><\/p>\n\n<p>Si subes im\u00e1genes al sitio web, debes evitar subir im\u00e1genes con datos de localizaci\u00f3n incrustados (EXIF GPS) incluidos. Los visitantes del sitio web pueden descargar y extraer cualquier dato de localizaci\u00f3n de las im\u00e1genes del sitio web.<\/p>\n\n<p><strong>FORMULARIOS DE CONTACTO<\/strong><\/p>\n\n<p>Para los formularios de contacto, utilizamos el plugin Contact Form 7. No tienen acceso a tu informaci\u00f3n Puedes consultar su pol\u00edtica de privacidad en este enlace: https:\/\/contactform7.com\/privacy-policy\/<\/p>\n\n<p><strong>COOKIES<\/strong><\/p>\n\n<p>Si dejas un comentario en nuestro sitio, puedes optar por guardar tu nombre, direcci\u00f3n de correo electr\u00f3nico y sitio web en cookies. Son para tu comodidad, para que no tengas que volver a rellenar tus datos cuando dejes otro comentario. Estas galletas durar\u00e1n un a\u00f1o.<\/p>\n\n<p>Si tienes una cuenta y te conectas a este sitio, instalaremos una cookie temporal para determinar si tu navegador acepta cookies. Esta cookie no contiene datos personales y se descarta cuando cierras el navegador.<\/p>\n\n<p>Cuando te conectes, tambi\u00e9n instalaremos varias cookies para guardar tu informaci\u00f3n de acceso y tus opciones de visualizaci\u00f3n en pantalla. Las cookies de inicio de sesi\u00f3n duran dos d\u00edas, y las cookies de opciones de pantalla duran un a\u00f1o. Si seleccionas &#8220;Recordarme&#8221;, tu inicio de sesi\u00f3n persistir\u00e1 durante dos semanas. Si cierras la sesi\u00f3n de tu cuenta, se eliminar\u00e1n las cookies de inicio de sesi\u00f3n.<\/p>\n\n<p>Si editas o publicas un art\u00edculo, se guardar\u00e1 una cookie adicional en tu navegador. Esta cookie no incluye datos personales y simplemente indica el ID de publicaci\u00f3n del art\u00edculo que acabas de editar. Caduca al cabo de 1 d\u00eda.<\/p>\n\n<p><strong>CONTENIDO INCRUSTADO DE OTROS SITIOS WEB<\/strong><\/p>\n\n<p>Los art\u00edculos de este sitio pueden incluir contenido incrustado (por ejemplo, v\u00eddeos, im\u00e1genes, art\u00edculos, etc.). El contenido incrustado de otros sitios web se comporta exactamente igual que si el visitante hubiera visitado el otro sitio web.<\/p>\n\n<p>Estos sitios web pueden recopilar datos sobre ti, utilizar cookies, incrustar seguimiento adicional de terceros y controlar tu interacci\u00f3n con ese contenido incrustado, incluido el seguimiento de tu interacci\u00f3n con el contenido incrustado si tienes una cuenta y has iniciado sesi\u00f3n en ese sitio web.<\/p>\n\n<p><strong>ANAL\u00cdTICA<\/strong><\/p>\n\n<p>Terceros como Facebook y nuestros socios publicitarios pueden utilizar cookies dentro y fuera de los Servicios para los fines antes mencionados, que incluyen la recopilaci\u00f3n de tu informaci\u00f3n relativa a la actividad en l\u00ednea en los diferentes sitios, y el uso de esa informaci\u00f3n para ofrecer anuncios en nuestros servicios o en otros sitios sobre productos y servicios que puedan ser de tu inter\u00e9s.<br\/>En particular, Next Experience Travel utiliza las siguientes cookies de terceros para recopilar informaci\u00f3n con fines estad\u00edsticos sobre tu uso de la plataforma web y para incluir publicidad en nuestros servicios:<\/p>\n\n<p>Google Analytics de Google, Inc. es una empresa con sede en 1600 Amphitheatre Parkway, Mountain View, CA 94043, Estados Unidos, que se utiliza para proporcionar estad\u00edsticas y an\u00e1lisis sobre el n\u00famero de visitas, su duraci\u00f3n, tus datos sociodemogr\u00e1ficos (idioma, ubicaci\u00f3n, proveedor de Internet&#8230;), etc.<\/p>\n\n<p>Facebook, Inc. es una empresa con sede en 1601 Willow Road, Menlo Park, California, Estados Unidos. Cuando nuestros usuarios utilizan nuestro sitio web, Facebook puede utilizar cookies con distintos fines. Puedes encontrar la pol\u00edtica de cookies de Facebook en el siguiente enlace: https:\/\/www.facebook.com\/policies\/cookies\/<\/p>\n\n<p>Puedes permitir, bloquear o desactivar las cookies instaladas en tu dispositivo en la configuraci\u00f3n del navegador de tu ordenador o dispositivo m\u00f3vil. La configuraci\u00f3n del navegador de Internet suele estar preestablecida para aceptar cookies por defecto, pero se pueden desactivar f\u00e1cilmente cambiando la configuraci\u00f3n del navegador.<\/p>\n\n<p><strong>CON QUI\u00c9N COMPARTIMOS TUS DATOS<\/strong><\/p>\n\n<p>No compartimos tus datos con terceros.<\/p>\n\n<p><strong>CU\u00c1NTO TIEMPO CONSERVAMOS TUS DATOS<\/strong><\/p>\n\n<p>Si dejas un comentario, el comentario y sus metadatos se conservan indefinidamente. Esto es para que podamos reconocer y aprobar autom\u00e1ticamente los comentarios de seguimiento en lugar de retenerlos en una cola de moderaci\u00f3n.<\/p>\n\n<p>Para los usuarios que se registran en nuestro sitio web (si los hay), tambi\u00e9n almacenamos la informaci\u00f3n personal que proporcionan en su perfil de usuario. Todos los usuarios pueden ver, editar o borrar su informaci\u00f3n personal en cualquier momento (excepto que no pueden cambiar su nombre de usuario). Los administradores del sitio web tambi\u00e9n pueden ver y editar esa informaci\u00f3n.<\/p>\n\n<p><strong>QU\u00c9 DERECHOS TIENES SOBRE TUS DATOS<\/strong><\/p>\n\n<p>Si tienes una cuenta en este sitio, o has dejado comentarios, puedes solicitar recibir un archivo exportado de los datos personales que tenemos sobre ti, incluidos los datos que nos hayas proporcionado. Tambi\u00e9n puedes solicitar que borremos cualquier dato personal que tengamos sobre ti. Esto no incluye ning\u00fan dato que estemos obligados a conservar por motivos administrativos, legales o de seguridad.<\/p>\n\n<p><strong>A D\u00d3NDE ENVIAMOS TUS DATOS<\/strong><\/p>\n\n<p>Los comentarios de los visitantes pueden ser comprobados a trav\u00e9s de un servicio automatizado de detecci\u00f3n de spam.<\/p>\n\n<p><strong>TU INFORMACI\u00d3N DE CONTACTO<\/strong><\/p>\n\n<p>Para ponerte en contacto con nosotros por cualquier duda o solicitud de informaci\u00f3n o eliminaci\u00f3n, debes enviar un correo electr\u00f3nico a hola@cancuncenotestours.com. Adem\u00e1s, aseg\u00farate de tener documentos que demuestren que eres la persona a la que intentas obtener la informaci\u00f3n. S\u00f3lo gestionaremos informaci\u00f3n personal con el titular de la misma.<\/p>\n\n<p><strong>INFORMACI\u00d3N ADICIONAL<\/strong><\/p>\n\n<p>Utilizamos Google AdWords Remarketing y Facebook Ads para anunciar Next Experience Travel en Internet, en particular en la Red de Display de Google y en Facebook.<\/p>\n\n<p>AdWords y Facebook remarketing te mostrar\u00e1n anuncios basados en las partes del sitio web de Next Experience Travel que hayas visto colocando una cookie en tu navegador web.<\/p>\n\n<p><strong>Esta cookie no te identifica en modo alguno ni da acceso a tu ordenador o dispositivo m\u00f3vil.<\/strong><\/p>\n\n<p>La cookie se utiliza para indicar a otros sitios web que &#8220;<em>Esta persona ha visitado una p\u00e1gina concreta, as\u00ed que mu\u00e9strale anuncios relacionados con esa p\u00e1gina&#8221;.<\/em><\/p>\n\n<p>Google AdWords Remarketing nos permite adaptar nuestro marketing para que se ajuste mejor a tus necesidades y mostrar \u00fanicamente anuncios que sean relevantes para ti.<\/p>\n\n<p>Si no deseas ver anuncios de Next Experience Travel, puedes excluirte de varias maneras:<br\/>1. Inhabilita el uso de cookies por parte de Google accediendo a la <a href=\"http:\/\/www.google.com\/settings\/ads\" target=\"_blank\" rel=\"noopener\">Configuraci\u00f3n de anuncios<\/a> de Google.<br\/>2. Excluirte del uso de cookies por parte de un proveedor externo visitando la <a href=\"http:\/\/www.networkadvertising.org\/managing\/opt_out.asp\" target=\"_blank\" rel=\"noopener\">p\u00e1gina de exclusi\u00f3n de la Network Advertising Initiative<\/a>.<\/p>\n\n<p><strong>C\u00d3MO PROTEGEMOS TUS DATOS<\/strong><\/p>\n\n<p>La informaci\u00f3n que env\u00edas o recibes a trav\u00e9s del sitio es privada.<\/p>\n\n<p>Aunque veas este icono, ten cuidado al compartir informaci\u00f3n privada. Comprueba la barra de direcciones para asegurarte de que visitas el sitio deseado.<\/p>\n\n<p>Cuando visitas un sitio que utiliza HTTPS (seguridad de conexi\u00f3n), el servidor del sitio web utiliza un certificado para demostrar la identidad del sitio web a los navegadores, como Chrome. Cualquiera puede crear un certificado con el que afirme ser un sitio concreto.<\/p>\n\n<p><strong>REQUISITOS REGLAMENTARIOS DE DIVULGACI\u00d3N DEL SECTOR<\/strong><\/p>\n\n<p><strong>YOUTUBE<\/strong><\/p>\n\n<p>Nuestro sitio web utiliza plugins de YouTube, operado por Google. El operador de las p\u00e1ginas es YouTube LLC, 901 Cherry Ave., San Bruno, CA 94066, USA.<\/p>\n\n<p>Si visitas una de nuestras p\u00e1ginas que contiene un plugin de YouTube, se establece una conexi\u00f3n con los servidores de YouTube. Aqu\u00ed se informa al servidor de YouTube sobre cu\u00e1les de nuestras p\u00e1ginas has visitado.<\/p>\n\n<p>Si has iniciado sesi\u00f3n en tu cuenta de YouTube, YouTube te permite asociar tu comportamiento de navegaci\u00f3n directamente con tu perfil personal. Puedes evitarlo cerrando la sesi\u00f3n de tu cuenta de YouTube.<\/p>\n\n<p>YouTube se utiliza para ayudar a que nuestro sitio web sea atractivo. Esto constituye un inter\u00e9s justificado de conformidad con el Art. 6 (1) (f) DSGVO.<\/p>\n\n<p>Puedes encontrar m\u00e1s informaci\u00f3n sobre el tratamiento de los datos de los usuarios en la declaraci\u00f3n de protecci\u00f3n de datos de YouTube en <a href=\"https:\/\/www.google.de\/intl\/de\/policies\/privacy\" target=\"_blank\" rel=\"noreferrer noopener\">https:\/\/www.google.de\/intl\/de\/policies\/privacy.<\/a><\/p>\n\n<p><strong>VIMEO<\/strong><\/p>\n\n<p>Nuestro sitio web utiliza funciones proporcionadas por el portal de v\u00eddeos Vimeo. Este servicio es proporcionado por Vimeo Inc., 555 West 18th Street, New York, New York 10011, USA.<\/p>\n\n<p>Si visitas una de nuestras p\u00e1ginas que contiene un plugin de Vimeo, se establece una conexi\u00f3n con los servidores de Vimeo. Aqu\u00ed se informa al servidor de Vimeo sobre cu\u00e1les de nuestras p\u00e1ginas has visitado. Adem\u00e1s, Vimeo recibir\u00e1 tu direcci\u00f3n IP. Esto tambi\u00e9n se aplica si no has iniciado sesi\u00f3n en Vimeo cuando visitas nuestro plugin o no tienes una cuenta de Vimeo. La informaci\u00f3n se transmite a un servidor de Vimeo en EE.UU., donde se almacena.<\/p>\n\n<p>Si has iniciado sesi\u00f3n en tu cuenta de Vimeo, Vimeo te permite asociar tu comportamiento de navegaci\u00f3n directamente con tu perfil personal. Puedes evitarlo cerrando la sesi\u00f3n de tu cuenta de Vimeo.<\/p>\n\n<p>Para m\u00e1s informaci\u00f3n sobre c\u00f3mo tratamos los datos de los usuarios, consulta la Pol\u00edtica de Privacidad de Vimeo en <a href=\"https:\/\/vimeo.com\/privacy\" target=\"_blank\" rel=\"noreferrer noopener\">https:\/\/vimeo.com\/privacy.<\/a><\/p>\n\n<p><strong>FUENTES WEB DE GOOGLE<\/strong><\/p>\n\n<p>Para una representaci\u00f3n uniforme de las fuentes, esta p\u00e1gina utiliza fuentes web proporcionadas por Google. Cuando abres una p\u00e1gina, tu navegador carga las fuentes web necesarias en la cach\u00e9 del navegador para mostrar los textos y las fuentes correctamente.<\/p>\n\n<p>Para ello, tu navegador debe establecer una conexi\u00f3n directa con los servidores de Google. De este modo, Google tiene conocimiento de que se ha accedido a nuestra p\u00e1gina web a trav\u00e9s de tu direcci\u00f3n IP. El uso de fuentes web de Google se hace en aras de una presentaci\u00f3n uniforme y atractiva de nuestro plugin. Esto constituye un inter\u00e9s justificado de conformidad con el Art. 6 (1) (f) DSGVO.<\/p>\n\n<p>Si tu navegador no admite fuentes web, tu ordenador utilizar\u00e1 una fuente est\u00e1ndar.<\/p>\n\n<p>Puedes encontrar m\u00e1s informaci\u00f3n sobre el tratamiento de los datos de los usuarios en <a href=\"https:\/\/developers.google.com\/fonts\/faq\" target=\"_blank\" rel=\"noreferrer noopener\">https:\/\/developers.google.com\/fonts\/faq<\/a> y en la pol\u00edtica de privacidad de Google en <a href=\"https:\/\/www.google.com\/policies\/privacy\/\" target=\"_blank\" rel=\"noreferrer noopener\">https:\/\/www.google.com\/policies\/privacy\/.<\/a><\/p>\n\n<p><strong>SOUNDCLOUD<\/strong><\/p>\n\n<p>En nuestras p\u00e1ginas pueden integrarse plugins de la red social SoundCloud (SoundCloud Limited, Berners House, 47-48 Berners Street, Londres W1T 3NF, Reino Unido). Los plugins de SoundCloud pueden reconocerse por el logotipo de SoundCloud en nuestro sitio.<\/p>\n\n<p>Cuando visitas nuestro sitio, se establece una conexi\u00f3n directa entre tu navegador y el servidor de SoundCloud a trav\u00e9s del plugin. Esto permite a SoundCloud recibir informaci\u00f3n de que has visitado nuestro sitio a partir de tu direcci\u00f3n IP. Si haces clic en los botones &#8220;Me gusta&#8221; o &#8220;Compartir&#8221; mientras est\u00e1s conectado a tu cuenta de SoundCloud, puedes vincular el contenido de nuestras p\u00e1ginas a tu perfil de SoundCloud. Esto significa que SoundCloud puede asociar las visitas a nuestras p\u00e1ginas con tu cuenta de usuario. Nos gustar\u00eda se\u00f1alar que, como proveedor de estas p\u00e1ginas, no tenemos conocimiento del contenido de los datos transmitidos ni de c\u00f3mo ser\u00e1n utilizados por SoundCloud. Para m\u00e1s informaci\u00f3n sobre la pol\u00edtica de privacidad de SoundCloud, visita https:\/\/soundcloud.com\/pages\/privacy.<\/p>\n\n<p>Si no quieres que SoundCloud asocie tu visita a nuestro sitio con tu cuenta de SoundCloud, cierra la sesi\u00f3n de tu cuenta de SoundCloud.<\/p>\n\n<p><\/p>\n","protected":false},"excerpt":{"rendered":"<p>QUI\u00c9NES SOMOS La direcci\u00f3n de nuestro sitio web es: https:\/\/cancuncenotestours.com\/ QU\u00c9 DATOS PERSONALES RECOGEMOS Y POR QU\u00c9 LOS RECOGEMOS COMENTARIOS Cuando los visitantes dejan comentarios en el sitio, recogemos los datos que aparecen en el formulario de comentarios, as\u00ed como la direcci\u00f3n IP del visitante y la cadena de agentes de usuario del navegador para [&hellip;]<\/p>\n","protected":false},"author":1,"featured_media":0,"parent":0,"menu_order":0,"comment_status":"closed","ping_status":"open","template":"","meta":{"footnotes":""},"class_list":["post-500","page","type-page","status-publish","hentry"],"_links":{"self":[{"href":"https:\/\/cancuncenotestours.com\/es\/wp-json\/wp\/v2\/pages\/500","targetHints":{"allow":["GET"]}}],"collection":[{"href":"https:\/\/cancuncenotestours.com\/es\/wp-json\/wp\/v2\/pages"}],"about":[{"href":"https:\/\/cancuncenotestours.com\/es\/wp-json\/wp\/v2\/types\/page"}],"author":[{"embeddable":true,"href":"https:\/\/cancuncenotestours.com\/es\/wp-json\/wp\/v2\/users\/1"}],"replies":[{"embeddable":true,"href":"https:\/\/cancuncenotestours.com\/es\/wp-json\/wp\/v2\/comments?post=500"}],"version-history":[{"count":0,"href":"https:\/\/cancuncenotestours.com\/es\/wp-json\/wp\/v2\/pages\/500\/revisions"}],"wp:attachment":[{"href":"https:\/\/cancuncenotestours.com\/es\/wp-json\/wp\/v2\/media?parent=500"}],"curies":[{"name":"wp","href":"https:\/\/api.w.org\/{rel}","templated":true}]}}